{"id":19285,"date":"2018-05-06T18:35:14","date_gmt":"2018-05-06T17:35:14","guid":{"rendered":"http:\/\/decidesoluciones.es\/?page_id=19285"},"modified":"2018-07-03T10:36:33","modified_gmt":"2018-07-03T09:36:33","slug":"technological-solutions","status":"publish","type":"page","link":"https:\/\/decidesoluciones.es\/en\/technological-solutions\/","title":{"rendered":"technological solutions"},"content":{"rendered":"<div class=\"wpb-content-wrapper\"><p>[vc_row type=&#8221;vc_default&#8221; full_width_row=&#8221;true&#8221; css=&#8221;.vc_custom_1513011270992{margin-right: 10% !important;margin-left: 10% !important;}&#8221;][vc_column][vc_row_inner][vc_column_inner offset=&#8221;vc_hidden-xs&#8221;][vc_column_text]<\/p>\n<p style=\"text-align: center;\"><span style=\"font-family: avenirnextltpro-regu; font-size: 36pt; color: #e74e1d;\">Our technological solutions<\/span><\/p>\n<p>[\/vc_column_text][\/vc_column_inner][\/vc_row_inner][vc_row_inner][vc_column_inner offset=&#8221;vc_hidden-lg vc_hidden-md vc_hidden-sm&#8221;][vc_column_text]<\/p>\n<p style=\"text-align: center;\"><strong><span style=\"font-family: avenirnextltpro-regu; font-size: 24pt; color: #e74e1d;\">Our technological solutions<\/span><\/strong><\/p>\n<p>[\/vc_column_text][\/vc_column_inner][\/vc_row_inner][vc_empty_space][\/vc_column][\/vc_row][vc_row type=&#8221;vc_default&#8221; full_width=&#8221;stretch_row_content_no_spaces&#8221; equal_height=&#8221;yes&#8221; content_placement=&#8221;middle&#8221; css=&#8221;.vc_custom_1515150120410{padding-right: 16% !important;padding-left: 12.47% !important;}&#8221;][vc_column width=&#8221;1\/3&#8243; css=&#8221;.vc_custom_1515170479326{background-color: #e74e1d !important;}&#8221; offset=&#8221;vc_hidden-xs&#8221;][vc_column_text css=&#8221;.vc_custom_1514995541044{background-color: #e74e1d !important;background-position: center !important;background-repeat: no-repeat !important;background-size: cover !important;}&#8221;]<\/p>\n<p style=\"text-align: center;\"><span style=\"font-size: 12pt; font-family: avenirltstd-light; color: #ffffff;\">Technological solutions<\/span><\/p>\n<p>[\/vc_column_text][\/vc_column][vc_column width=&#8221;1\/3&#8243; offset=&#8221;vc_hidden-xs&#8221;][vc_hoverbox image=&#8221;16589&#8243; primary_title=&#8221;&#8221; hover_title=&#8221;&#8221; shape=&#8221;square&#8221; hover_background_color=&#8221;custom&#8221; hover_btn_title=&#8221;see more&#8221; hover_btn_style=&#8221;outline-custom&#8221; hover_btn_outline_custom_color=&#8221;#ffffff&#8221; hover_btn_outline_custom_hover_background=&#8221;#666666&#8243; hover_btn_outline_custom_hover_text=&#8221;#ffffff&#8221; hover_btn_shape=&#8221;square&#8221; hover_btn_size=&#8221;xs&#8221; hover_add_button=&#8221;true&#8221; hover_custom_background=&#8221;rgba(231,78,29,0.9)&#8221; hover_btn_link=&#8221;url:http%3A%2F%2Fdecidesoluciones.es%2Fen%2Fecosistemas-big-data%2F|title:Big%20data|&#8221; css=&#8221;.vc_custom_1514996437832{background-image: url(http:\/\/decidesoluciones.es\/wp-content\/uploads\/2018\/01\/big-data.jpg?id=16589) !important;background-position: center !important;background-repeat: no-repeat !important;background-size: cover !important;}&#8221;]<\/p>\n<p style=\"text-align: center;\"><span style=\"font-family: avenirnextltpro-demi; font-size: 12pt; color: #ffffff;\">big data ecosystems<\/span><\/p>\n<p>[\/vc_hoverbox][\/vc_column][vc_column width=&#8221;1\/3&#8243; offset=&#8221;vc_hidden-xs&#8221;][vc_hoverbox image=&#8221;15688&#8243; primary_title=&#8221;&#8221; hover_title=&#8221;&#8221; shape=&#8221;square&#8221; hover_background_color=&#8221;custom&#8221; hover_btn_title=&#8221;see more&#8221; hover_btn_style=&#8221;outline-custom&#8221; hover_btn_outline_custom_color=&#8221;#ffffff&#8221; hover_btn_outline_custom_hover_background=&#8221;#666666&#8243; hover_btn_outline_custom_hover_text=&#8221;#ffffff&#8221; hover_btn_shape=&#8221;square&#8221; hover_btn_size=&#8221;xs&#8221; hover_add_button=&#8221;true&#8221; hover_custom_background=&#8221;rgba(231,78,29,0.9)&#8221; hover_btn_link=&#8221;url:http%3A%2F%2Fdecidesoluciones.es%2Fen%2Fvirtual-agent|title:virtual%20agent|&#8221; css=&#8221;.vc_custom_1515004195506{background-image: url(http:\/\/decidesoluciones.es\/wp-content\/uploads\/2017\/12\/10-2.jpg?id=15688) !important;background-position: center !important;background-repeat: no-repeat !important;background-size: cover !important;}&#8221;]<\/p>\n<p style=\"text-align: center;\"><span style=\"font-family: avenirnextltpro-demi; font-size: 12pt; color: #ffffff;\">virtual agent <\/span><\/p>\n<p>[\/vc_hoverbox][\/vc_column][\/vc_row][vc_row type=&#8221;vc_default&#8221; full_width=&#8221;stretch_row_content_no_spaces&#8221; full_width_row=&#8221;true&#8221; css=&#8221;.vc_custom_1515150102827{padding-right: 16% !important;padding-left: 12.47% !important;}&#8221;][vc_column width=&#8221;1\/3&#8243; offset=&#8221;vc_hidden-xs&#8221;][vc_hoverbox image=&#8221;16592&#8243; primary_title=&#8221;&#8221; hover_title=&#8221;&#8221; shape=&#8221;square&#8221; hover_background_color=&#8221;custom&#8221; hover_btn_title=&#8221;see more&#8221; hover_btn_style=&#8221;outline-custom&#8221; hover_btn_outline_custom_color=&#8221;#ffffff&#8221; hover_btn_outline_custom_hover_background=&#8221;#666666&#8243; hover_btn_outline_custom_hover_text=&#8221;#ffffff&#8221; hover_btn_shape=&#8221;square&#8221; hover_btn_size=&#8221;xs&#8221; hover_add_button=&#8221;true&#8221; hover_custom_background=&#8221;rgba(231,78,29,0.9)&#8221; hover_btn_link=&#8221;url:http%3A%2F%2Fdecidesoluciones.es%2Fen%2Fmachine-learning%2F|title:machine%20learning|&#8221; css=&#8221;.vc_custom_1514998688586{background-image: url(http:\/\/decidesoluciones.es\/wp-content\/uploads\/2018\/01\/motores-regla.jpg?id=16592) !important;background-position: center !important;background-repeat: no-repeat !important;background-size: cover !important;}&#8221;]<\/p>\n<p style=\"text-align: center;\"><span style=\"font-family: avenirnextltpro-demi; font-size: 12pt; color: #ffffff;\">machine learning<\/span><\/p>\n<p>[\/vc_hoverbox][\/vc_column][vc_column width=&#8221;1\/3&#8243; offset=&#8221;vc_hidden-xs&#8221;][vc_hoverbox image=&#8221;16598&#8243; primary_title=&#8221;&#8221; hover_title=&#8221;&#8221; shape=&#8221;square&#8221; hover_background_color=&#8221;custom&#8221; hover_btn_title=&#8221;see more&#8221; hover_btn_style=&#8221;outline-custom&#8221; hover_btn_outline_custom_color=&#8221;#ffffff&#8221; hover_btn_outline_custom_hover_background=&#8221;#666666&#8243; hover_btn_outline_custom_hover_text=&#8221;#ffffff&#8221; hover_btn_shape=&#8221;square&#8221; hover_btn_size=&#8221;xs&#8221; hover_add_button=&#8221;true&#8221; hover_custom_background=&#8221;rgba(231,78,29,0.9)&#8221; hover_btn_link=&#8221;url:http%3A%2F%2Fdecidesoluciones.es%2Fen%2Fmathematical-optimization%2F|&#8221; css=&#8221;.vc_custom_1515167192880{background-image: url(http:\/\/decidesoluciones.es\/wp-content\/uploads\/2018\/01\/matematica.jpg?id=16598) !important;background-position: center !important;background-repeat: no-repeat !important;background-size: cover !important;}&#8221;]<\/p>\n<p style=\"text-align: center;\"><span style=\"font-family: avenirnextltpro-demi; font-size: 12pt; color: #ffffff;\">mathematical optimization<\/span><\/p>\n<p>[\/vc_hoverbox][\/vc_column][vc_column width=&#8221;1\/3&#8243; offset=&#8221;vc_hidden-xs&#8221;][vc_hoverbox image=&#8221;16775&#8243; primary_title=&#8221;&#8221; hover_title=&#8221;&#8221; shape=&#8221;square&#8221; hover_background_color=&#8221;custom&#8221; hover_btn_title=&#8221;see more&#8221; hover_btn_style=&#8221;outline-custom&#8221; hover_btn_outline_custom_color=&#8221;#ffffff&#8221; hover_btn_outline_custom_hover_background=&#8221;#666666&#8243; hover_btn_outline_custom_hover_text=&#8221;#ffffff&#8221; hover_btn_shape=&#8221;square&#8221; hover_btn_size=&#8221;xs&#8221; hover_add_button=&#8221;true&#8221; hover_custom_background=&#8221;rgba(231,78,29,0.9)&#8221; hover_btn_link=&#8221;url:http%3A%2F%2Fdecidesoluciones.es%2Fen%2Frule-based-systems%2F|title:rule-based%20systems|&#8221; css=&#8221;.vc_custom_1516091467357{background-image: url(http:\/\/decidesoluciones.es\/wp-content\/uploads\/2018\/01\/soluciones-tecnologicas-BRMS-e1515610615419.jpg?id=16775) !important;background-position: center !important;background-repeat: no-repeat !important;background-size: cover !important;}&#8221;]<\/p>\n<p style=\"text-align: center;\"><span style=\"font-family: avenirnextltpro-demi; font-size: 12pt; color: #ffffff;\">rule-based systems<\/span><\/p>\n<p>[\/vc_hoverbox][\/vc_column][\/vc_row][vc_row type=&#8221;vc_default&#8221; full_width=&#8221;stretch_row_content_no_spaces&#8221; equal_height=&#8221;yes&#8221; content_placement=&#8221;middle&#8221; css=&#8221;.vc_custom_1515170546136{padding-right: 13% !important;padding-left: 13% !important;}&#8221;][vc_column width=&#8221;1\/3&#8243; css=&#8221;.vc_custom_1515170555826{background-color: #e74e1d !important;}&#8221; offset=&#8221;vc_hidden-lg vc_hidden-md vc_hidden-sm&#8221;][vc_column_text css=&#8221;.vc_custom_1514995541044{background-color: #e74e1d !important;background-position: center !important;background-repeat: no-repeat !important;background-size: cover !important;}&#8221;]<\/p>\n<p style=\"text-align: center;\"><span style=\"font-size: 12pt; font-family: avenirltstd-light; color: #ffffff;\">Technological solutions<\/span><\/p>\n<p>[\/vc_column_text][\/vc_column][vc_column width=&#8221;1\/3&#8243; offset=&#8221;vc_hidden-lg vc_hidden-md vc_hidden-sm&#8221;][vc_hoverbox image=&#8221;16589&#8243; primary_title=&#8221;&#8221; hover_title=&#8221;&#8221; shape=&#8221;square&#8221; hover_background_color=&#8221;custom&#8221; hover_btn_title=&#8221;see more&#8221; hover_btn_style=&#8221;outline-custom&#8221; hover_btn_outline_custom_color=&#8221;#ffffff&#8221; hover_btn_outline_custom_hover_background=&#8221;#666666&#8243; hover_btn_outline_custom_hover_text=&#8221;#ffffff&#8221; hover_btn_shape=&#8221;square&#8221; hover_btn_size=&#8221;xs&#8221; hover_add_button=&#8221;true&#8221; hover_custom_background=&#8221;rgba(231,78,29,0.9)&#8221; hover_btn_link=&#8221;url:http%3A%2F%2Fdecidesoluciones.es%2Fen%2Fecosistemas-big-data%2F|title:Big%20data|&#8221; css=&#8221;.vc_custom_1514996437832{background-image: url(http:\/\/decidesoluciones.es\/wp-content\/uploads\/2018\/01\/big-data.jpg?id=16589) !important;background-position: center !important;background-repeat: no-repeat !important;background-size: cover !important;}&#8221;]<\/p>\n<p style=\"text-align: center;\"><span style=\"font-family: avenirnextltpro-demi; font-size: 12pt; color: #ffffff;\">big data ecosystems<\/span><\/p>\n<p>[\/vc_hoverbox][\/vc_column][vc_column width=&#8221;1\/3&#8243; offset=&#8221;vc_hidden-lg vc_hidden-md vc_hidden-sm&#8221;][vc_hoverbox image=&#8221;15688&#8243; primary_title=&#8221;&#8221; hover_title=&#8221;&#8221; shape=&#8221;square&#8221; hover_background_color=&#8221;custom&#8221; hover_btn_title=&#8221;see more&#8221; hover_btn_style=&#8221;outline-custom&#8221; hover_btn_outline_custom_color=&#8221;#ffffff&#8221; hover_btn_outline_custom_hover_background=&#8221;#666666&#8243; hover_btn_outline_custom_hover_text=&#8221;#ffffff&#8221; hover_btn_shape=&#8221;square&#8221; hover_btn_size=&#8221;xs&#8221; hover_add_button=&#8221;true&#8221; hover_custom_background=&#8221;rgba(231,78,29,0.9)&#8221; hover_btn_link=&#8221;url:http%3A%2F%2Fdecidesoluciones.es%2Fen%2Fvirtual-agent|title:virtual%20agent|&#8221; css=&#8221;.vc_custom_1515004195506{background-image: url(http:\/\/decidesoluciones.es\/wp-content\/uploads\/2017\/12\/10-2.jpg?id=15688) !important;background-position: center !important;background-repeat: no-repeat !important;background-size: cover !important;}&#8221;]<\/p>\n<p style=\"text-align: center;\"><span style=\"font-family: avenirnextltpro-demi; font-size: 12pt; color: #ffffff;\">virtual agent <\/span><\/p>\n<p>[\/vc_hoverbox][\/vc_column][\/vc_row][vc_row type=&#8221;vc_default&#8221; full_width=&#8221;stretch_row_content_no_spaces&#8221; full_width_row=&#8221;true&#8221; css=&#8221;.vc_custom_1515170591895{padding-right: 13% !important;padding-left: 13% !important;}&#8221;][vc_column width=&#8221;1\/3&#8243; offset=&#8221;vc_hidden-lg vc_hidden-md vc_hidden-sm&#8221;][vc_hoverbox image=&#8221;16592&#8243; primary_title=&#8221;&#8221; hover_title=&#8221;&#8221; shape=&#8221;square&#8221; hover_background_color=&#8221;custom&#8221; hover_btn_title=&#8221;see more&#8221; hover_btn_style=&#8221;outline-custom&#8221; hover_btn_outline_custom_color=&#8221;#ffffff&#8221; hover_btn_outline_custom_hover_background=&#8221;#666666&#8243; hover_btn_outline_custom_hover_text=&#8221;#ffffff&#8221; hover_btn_shape=&#8221;square&#8221; hover_btn_size=&#8221;xs&#8221; hover_add_button=&#8221;true&#8221; hover_custom_background=&#8221;rgba(231,78,29,0.9)&#8221; hover_btn_link=&#8221;url:http%3A%2F%2Fdecidesoluciones.es%2Fen%2Fmachine-learning%2F|title:machine%20learning|&#8221; css=&#8221;.vc_custom_1514998688586{background-image: url(http:\/\/decidesoluciones.es\/wp-content\/uploads\/2018\/01\/motores-regla.jpg?id=16592) !important;background-position: center !important;background-repeat: no-repeat !important;background-size: cover !important;}&#8221;]<\/p>\n<p style=\"text-align: center;\"><span style=\"font-family: avenirnextltpro-demi; font-size: 12pt; color: #ffffff;\">machine learning<\/span><\/p>\n<p>[\/vc_hoverbox][\/vc_column][vc_column width=&#8221;1\/3&#8243; offset=&#8221;vc_hidden-lg vc_hidden-md vc_hidden-sm&#8221;][vc_hoverbox image=&#8221;16598&#8243; primary_title=&#8221;&#8221; hover_title=&#8221;&#8221; shape=&#8221;square&#8221; hover_background_color=&#8221;custom&#8221; hover_btn_title=&#8221;see more&#8221; hover_btn_style=&#8221;outline-custom&#8221; hover_btn_outline_custom_color=&#8221;#ffffff&#8221; hover_btn_outline_custom_hover_background=&#8221;#666666&#8243; hover_btn_outline_custom_hover_text=&#8221;#ffffff&#8221; hover_btn_shape=&#8221;square&#8221; hover_btn_size=&#8221;xs&#8221; hover_add_button=&#8221;true&#8221; hover_custom_background=&#8221;rgba(231,78,29,0.9)&#8221; hover_btn_link=&#8221;url:http%3A%2F%2Fdecidesoluciones.es%2Fen%2Fmathematical-optimization%2F|&#8221; css=&#8221;.vc_custom_1515167192880{background-image: url(http:\/\/decidesoluciones.es\/wp-content\/uploads\/2018\/01\/matematica.jpg?id=16598) !important;background-position: center !important;background-repeat: no-repeat !important;background-size: cover !important;}&#8221;]<\/p>\n<p style=\"text-align: center;\"><span style=\"font-family: avenirnextltpro-demi; font-size: 12pt; color: #ffffff;\">mathematical optimization<\/span><\/p>\n<p>[\/vc_hoverbox][\/vc_column][vc_column width=&#8221;1\/3&#8243; offset=&#8221;vc_hidden-lg vc_hidden-md vc_hidden-sm&#8221;][vc_hoverbox image=&#8221;16775&#8243; primary_title=&#8221;&#8221; hover_title=&#8221;&#8221; shape=&#8221;square&#8221; hover_background_color=&#8221;custom&#8221; hover_btn_title=&#8221;see more&#8221; hover_btn_style=&#8221;outline-custom&#8221; hover_btn_outline_custom_color=&#8221;#ffffff&#8221; hover_btn_outline_custom_hover_background=&#8221;#666666&#8243; hover_btn_outline_custom_hover_text=&#8221;#ffffff&#8221; hover_btn_shape=&#8221;square&#8221; hover_btn_size=&#8221;xs&#8221; hover_add_button=&#8221;true&#8221; hover_custom_background=&#8221;rgba(231,78,29,0.9)&#8221; hover_btn_link=&#8221;url:http%3A%2F%2Fdecidesoluciones.es%2Fen%2Frule-based-systems%2F|title:rule-based%20systems|&#8221; css=&#8221;.vc_custom_1516091531525{background-image: url(http:\/\/decidesoluciones.es\/wp-content\/uploads\/2018\/01\/soluciones-tecnologicas-BRMS-e1515610615419.jpg?id=16775) !important;background-position: center !important;background-repeat: no-repeat !important;background-size: cover !important;}&#8221;]<\/p>\n<p style=\"text-align: center;\"><span style=\"font-family: avenirnextltpro-demi; font-size: 12pt; color: #ffffff;\">rule-based systems<\/span><\/p>\n<p>[\/vc_hoverbox][\/vc_column][\/vc_row][vc_row][vc_column][vc_empty_space][\/vc_column][\/vc_row]<\/p>\n<\/div>","protected":false},"excerpt":{"rendered":"<p>[vc_row type=&#8221;vc_default&#8221; full_width_row=&#8221;true&#8221; css=&#8221;.vc_custom_1513011270992{margin-right: 10% !important;margin-left: 10% !important;}&#8221;][vc_column][vc_row_inner][vc_column_inner offset=&#8221;vc_hidden-xs&#8221;][vc_column_text] Our technological solutions [\/vc_column_text][\/vc_column_inner][\/vc_row_inner][vc_row_inner][vc_column_inner offset=&#8221;vc_hidden-lg vc_hidden-md vc_hidden-sm&#8221;][vc_column_text] Our technological solutions [\/vc_column_text][\/vc_column_inner][\/vc_row_inner][vc_empty_space][\/vc_column][\/vc_row][vc_row type=&#8221;vc_default&#8221; full_width=&#8221;stretch_row_content_no_spaces&#8221; equal_height=&#8221;yes&#8221; content_placement=&#8221;middle&#8221; css=&#8221;.vc_custom_1515150120410{padding-right: 16% !important;padding-left: 12.47% !important;}&#8221;][vc_column width=&#8221;1\/3&#8243; css=&#8221;.vc_custom_1515170479326{background-color: #e74e1d !important;}&#8221; offset=&#8221;vc_hidden-xs&#8221;][vc_column_text css=&#8221;.vc_custom_1514995541044{background-color: #e74e1d !important;background-position: center !important;background-repeat: no-repeat !important;background-size: cover !important;}&#8221;] Technological solutions [\/vc_column_text][\/vc_column][vc_column width=&#8221;1\/3&#8243; offset=&#8221;vc_hidden-xs&#8221;][vc_hoverbox image=&#8221;16589&#8243; primary_title=&#8221;&#8221; hover_title=&#8221;&#8221; shape=&#8221;square&#8221; hover_background_color=&#8221;custom&#8221; hover_btn_title=&#8221;see more&#8221;&hellip;<\/p>\n","protected":false},"author":7,"featured_media":0,"parent":0,"menu_order":0,"comment_status":"closed","ping_status":"closed","template":"","meta":{"footnotes":""},"class_list":["post-19285","page","type-page","status-publish","hentry","description-off"],"yoast_head":"<!-- This site is optimized with the Yoast SEO plugin v27.6 - https:\/\/yoast.com\/product\/yoast-seo-wordpress\/ -->\n<title>Technological solutions \u00b7 Decide Soluciones<\/title>\n<meta name=\"description\" content=\"Soluciones tecnol\u00f3gicas, ecosistemas big data, chatbots, machine learning, optimizaci\u00f3n matem\u00e1tica, sistemas basados en motores de reglas...\" \/>\n<meta name=\"robots\" content=\"noindex, follow\" \/>\n<meta property=\"og:locale\" content=\"en_US\" \/>\n<meta property=\"og:type\" content=\"article\" \/>\n<meta property=\"og:title\" content=\"Technological solutions \u00b7 Decide Soluciones\" \/>\n<meta property=\"og:description\" content=\"Soluciones tecnol\u00f3gicas, ecosistemas big data, chatbots, machine learning, optimizaci\u00f3n matem\u00e1tica, sistemas basados en motores de reglas...\" \/>\n<meta property=\"og:url\" content=\"https:\/\/decidesoluciones.es\/en\/technological-solutions\/\" \/>\n<meta property=\"og:site_name\" content=\"Decide\" \/>\n<meta property=\"article:modified_time\" content=\"2018-07-03T09:36:33+00:00\" \/>\n<meta name=\"twitter:card\" content=\"summary_large_image\" \/>\n<meta name=\"twitter:site\" content=\"@canaldecide\" \/>\n<meta name=\"twitter:label1\" content=\"Est. reading time\" \/>\n\t<meta name=\"twitter:data1\" content=\"7 minutes\" \/>\n<script type=\"application\/ld+json\" class=\"yoast-schema-graph\">{\"@context\":\"https:\\\/\\\/schema.org\",\"@graph\":[{\"@type\":\"WebPage\",\"@id\":\"https:\\\/\\\/decidesoluciones.es\\\/en\\\/technological-solutions\\\/\",\"url\":\"https:\\\/\\\/decidesoluciones.es\\\/en\\\/technological-solutions\\\/\",\"name\":\"Technological solutions \u00b7 Decide Soluciones\",\"isPartOf\":{\"@id\":\"https:\\\/\\\/decidesoluciones.es\\\/en\\\/#website\"},\"datePublished\":\"2018-05-06T17:35:14+00:00\",\"dateModified\":\"2018-07-03T09:36:33+00:00\",\"description\":\"Soluciones tecnol\u00f3gicas, ecosistemas big data, chatbots, machine learning, optimizaci\u00f3n matem\u00e1tica, sistemas basados en motores de reglas...\",\"breadcrumb\":{\"@id\":\"https:\\\/\\\/decidesoluciones.es\\\/en\\\/technological-solutions\\\/#breadcrumb\"},\"inLanguage\":\"en-US\",\"potentialAction\":[{\"@type\":\"ReadAction\",\"target\":[\"https:\\\/\\\/decidesoluciones.es\\\/en\\\/technological-solutions\\\/\"]}]},{\"@type\":\"BreadcrumbList\",\"@id\":\"https:\\\/\\\/decidesoluciones.es\\\/en\\\/technological-solutions\\\/#breadcrumb\",\"itemListElement\":[{\"@type\":\"ListItem\",\"position\":1,\"name\":\"Portada\",\"item\":\"https:\\\/\\\/decidesoluciones.es\\\/en\\\/decide-2\\\/\"},{\"@type\":\"ListItem\",\"position\":2,\"name\":\"technological solutions\"}]},{\"@type\":\"WebSite\",\"@id\":\"https:\\\/\\\/decidesoluciones.es\\\/en\\\/#website\",\"url\":\"https:\\\/\\\/decidesoluciones.es\\\/en\\\/\",\"name\":\"Decide\",\"description\":\"Advanced Analytics. Smart Decisions\",\"potentialAction\":[{\"@type\":\"SearchAction\",\"target\":{\"@type\":\"EntryPoint\",\"urlTemplate\":\"https:\\\/\\\/decidesoluciones.es\\\/en\\\/?s={search_term_string}\"},\"query-input\":{\"@type\":\"PropertyValueSpecification\",\"valueRequired\":true,\"valueName\":\"search_term_string\"}}],\"inLanguage\":\"en-US\"}]}<\/script>\n<!-- \/ Yoast SEO plugin. -->","yoast_head_json":{"title":"Technological solutions \u00b7 Decide Soluciones","description":"Soluciones tecnol\u00f3gicas, ecosistemas big data, chatbots, machine learning, optimizaci\u00f3n matem\u00e1tica, sistemas basados en motores de reglas...","robots":{"index":"noindex","follow":"follow"},"og_locale":"en_US","og_type":"article","og_title":"Technological solutions \u00b7 Decide Soluciones","og_description":"Soluciones tecnol\u00f3gicas, ecosistemas big data, chatbots, machine learning, optimizaci\u00f3n matem\u00e1tica, sistemas basados en motores de reglas...","og_url":"https:\/\/decidesoluciones.es\/en\/technological-solutions\/","og_site_name":"Decide","article_modified_time":"2018-07-03T09:36:33+00:00","twitter_card":"summary_large_image","twitter_site":"@canaldecide","twitter_misc":{"Est. reading time":"7 minutes"},"schema":{"@context":"https:\/\/schema.org","@graph":[{"@type":"WebPage","@id":"https:\/\/decidesoluciones.es\/en\/technological-solutions\/","url":"https:\/\/decidesoluciones.es\/en\/technological-solutions\/","name":"Technological solutions \u00b7 Decide Soluciones","isPartOf":{"@id":"https:\/\/decidesoluciones.es\/en\/#website"},"datePublished":"2018-05-06T17:35:14+00:00","dateModified":"2018-07-03T09:36:33+00:00","description":"Soluciones tecnol\u00f3gicas, ecosistemas big data, chatbots, machine learning, optimizaci\u00f3n matem\u00e1tica, sistemas basados en motores de reglas...","breadcrumb":{"@id":"https:\/\/decidesoluciones.es\/en\/technological-solutions\/#breadcrumb"},"inLanguage":"en-US","potentialAction":[{"@type":"ReadAction","target":["https:\/\/decidesoluciones.es\/en\/technological-solutions\/"]}]},{"@type":"BreadcrumbList","@id":"https:\/\/decidesoluciones.es\/en\/technological-solutions\/#breadcrumb","itemListElement":[{"@type":"ListItem","position":1,"name":"Portada","item":"https:\/\/decidesoluciones.es\/en\/decide-2\/"},{"@type":"ListItem","position":2,"name":"technological solutions"}]},{"@type":"WebSite","@id":"https:\/\/decidesoluciones.es\/en\/#website","url":"https:\/\/decidesoluciones.es\/en\/","name":"Decide","description":"Advanced Analytics. Smart Decisions","potentialAction":[{"@type":"SearchAction","target":{"@type":"EntryPoint","urlTemplate":"https:\/\/decidesoluciones.es\/en\/?s={search_term_string}"},"query-input":{"@type":"PropertyValueSpecification","valueRequired":true,"valueName":"search_term_string"}}],"inLanguage":"en-US"}]}},"_links":{"self":[{"href":"https:\/\/decidesoluciones.es\/en\/wp-json\/wp\/v2\/pages\/19285","targetHints":{"allow":["GET"]}}],"collection":[{"href":"https:\/\/decidesoluciones.es\/en\/wp-json\/wp\/v2\/pages"}],"about":[{"href":"https:\/\/decidesoluciones.es\/en\/wp-json\/wp\/v2\/types\/page"}],"author":[{"embeddable":true,"href":"https:\/\/decidesoluciones.es\/en\/wp-json\/wp\/v2\/users\/7"}],"replies":[{"embeddable":true,"href":"https:\/\/decidesoluciones.es\/en\/wp-json\/wp\/v2\/comments?post=19285"}],"version-history":[{"count":3,"href":"https:\/\/decidesoluciones.es\/en\/wp-json\/wp\/v2\/pages\/19285\/revisions"}],"predecessor-version":[{"id":19574,"href":"https:\/\/decidesoluciones.es\/en\/wp-json\/wp\/v2\/pages\/19285\/revisions\/19574"}],"wp:attachment":[{"href":"https:\/\/decidesoluciones.es\/en\/wp-json\/wp\/v2\/media?parent=19285"}],"curies":[{"name":"wp","href":"https:\/\/api.w.org\/{rel}","templated":true}]}}